{"id":58,"date":"2025-11-22T10:36:57","date_gmt":"2025-11-22T10:36:57","guid":{"rendered":"https:\/\/lmk-global-events.com\/?page_id=58"},"modified":"2025-11-22T15:18:18","modified_gmt":"2025-11-22T15:18:18","slug":"accueil","status":"publish","type":"page","link":"https:\/\/lmk-global-events.com\/en\/","title":{"rendered":"Home"},"content":{"rendered":"","protected":false},"excerpt":{"rendered":"","protected":false},"author":1,"featured_media":278,"parent":0,"menu_order":0,"comment_status":"closed","ping_status":"closed","template":"","meta":{"footnotes":""},"class_list":["post-58","page","type-page","status-publish","has-post-thumbnail","czr-hentry"],"yoast_head":"<!-- This site is optimized with the Yoast SEO plugin v27.5 - https:\/\/yoast.com\/product\/yoast-seo-wordpress\/ -->\n<title>LMK Global Events<\/title>\n<meta name=\"description\" content=\"Soci\u00e9t\u00e9 d&#039;organisation d&#039;\u00e9v\u00e9nements sur-mesure - Mariages, \u00e9v\u00e9nements priv\u00e9s, s\u00e9minaires et voyages \u00e0 impact\" \/>\n<meta name=\"robots\" content=\"index, follow, max-snippet:-1, max-image-preview:large, max-video-preview:-1\" \/>\n<link rel=\"canonical\" href=\"https:\/\/lmk-global-events.com\/en\/\" \/>\n<meta property=\"og:locale\" content=\"en_GB\" \/>\n<meta property=\"og:type\" content=\"article\" \/>\n<meta property=\"og:title\" content=\"LMK Global Events\" \/>\n<meta property=\"og:description\" content=\"Soci\u00e9t\u00e9 d&#039;organisation d&#039;\u00e9v\u00e9nements sur-mesure - Mariages, \u00e9v\u00e9nements priv\u00e9s, s\u00e9minaires et voyages \u00e0 impact\" \/>\n<meta property=\"og:url\" content=\"https:\/\/lmk-global-events.com\/en\/\" \/>\n<meta property=\"og:site_name\" content=\"LMK Global Events\" \/>\n<meta property=\"article:modified_time\" content=\"2025-11-22T15:18:18+00:00\" \/>\n<meta property=\"og:image\" content=\"https:\/\/lmk-global-events.com\/wp-content\/uploads\/2025\/11\/or-2-1.png\" \/>\n\t<meta property=\"og:image:width\" content=\"2036\" \/>\n\t<meta property=\"og:image:height\" content=\"1925\" \/>\n\t<meta property=\"og:image:type\" content=\"image\/png\" \/>\n<meta name=\"twitter:card\" content=\"summary_large_image\" \/>\n<meta name=\"twitter:label1\" content=\"Estimated reading time\" \/>\n\t<meta name=\"twitter:data1\" content=\"10 minutes\" \/>\n<script type=\"application\/ld+json\" class=\"yoast-schema-graph\">{\"@context\":\"https:\\\/\\\/schema.org\",\"@graph\":[{\"@type\":\"WebPage\",\"@id\":\"https:\\\/\\\/lmk-global-events.com\\\/\",\"url\":\"https:\\\/\\\/lmk-global-events.com\\\/\",\"name\":\"LMK Global Events\",\"isPartOf\":{\"@id\":\"https:\\\/\\\/lmk-global-events.com\\\/#website\"},\"primaryImageOfPage\":{\"@id\":\"https:\\\/\\\/lmk-global-events.com\\\/#primaryimage\"},\"image\":{\"@id\":\"https:\\\/\\\/lmk-global-events.com\\\/#primaryimage\"},\"thumbnailUrl\":\"https:\\\/\\\/lmk-global-events.com\\\/wp-content\\\/uploads\\\/2025\\\/11\\\/or-2-1.png\",\"datePublished\":\"2025-11-22T10:36:57+00:00\",\"dateModified\":\"2025-11-22T15:18:18+00:00\",\"description\":\"Soci\u00e9t\u00e9 d'organisation d'\u00e9v\u00e9nements sur-mesure - Mariages, \u00e9v\u00e9nements priv\u00e9s, s\u00e9minaires et voyages \u00e0 impact\",\"breadcrumb\":{\"@id\":\"https:\\\/\\\/lmk-global-events.com\\\/#breadcrumb\"},\"inLanguage\":\"en-GB\",\"potentialAction\":[{\"@type\":\"ReadAction\",\"target\":[\"https:\\\/\\\/lmk-global-events.com\\\/\"]}]},{\"@type\":\"ImageObject\",\"inLanguage\":\"en-GB\",\"@id\":\"https:\\\/\\\/lmk-global-events.com\\\/#primaryimage\",\"url\":\"https:\\\/\\\/lmk-global-events.com\\\/wp-content\\\/uploads\\\/2025\\\/11\\\/or-2-1.png\",\"contentUrl\":\"https:\\\/\\\/lmk-global-events.com\\\/wp-content\\\/uploads\\\/2025\\\/11\\\/or-2-1.png\",\"width\":2036,\"height\":1925},{\"@type\":\"BreadcrumbList\",\"@id\":\"https:\\\/\\\/lmk-global-events.com\\\/#breadcrumb\",\"itemListElement\":[{\"@type\":\"ListItem\",\"position\":1,\"name\":\"Accueil\",\"item\":\"https:\\\/\\\/lmk-global-events.com\\\/\"},{\"@type\":\"ListItem\",\"position\":2,\"name\":\"Accueil\"}]},{\"@type\":\"WebSite\",\"@id\":\"https:\\\/\\\/lmk-global-events.com\\\/#website\",\"url\":\"https:\\\/\\\/lmk-global-events.com\\\/\",\"name\":\"LMK Global Events\",\"description\":\"Soci\u00e9t\u00e9 d&#039;organisation d&#039;\u00e9v\u00e9nements\",\"publisher\":{\"@id\":\"https:\\\/\\\/lmk-global-events.com\\\/#organization\"},\"potentialAction\":[{\"@type\":\"SearchAction\",\"target\":{\"@type\":\"EntryPoint\",\"urlTemplate\":\"https:\\\/\\\/lmk-global-events.com\\\/?s={search_term_string}\"},\"query-input\":{\"@type\":\"PropertyValueSpecification\",\"valueRequired\":true,\"valueName\":\"search_term_string\"}}],\"inLanguage\":\"en-GB\"},{\"@type\":\"Organization\",\"@id\":\"https:\\\/\\\/lmk-global-events.com\\\/#organization\",\"name\":\"LMK Global Events\",\"url\":\"https:\\\/\\\/lmk-global-events.com\\\/\",\"logo\":{\"@type\":\"ImageObject\",\"inLanguage\":\"en-GB\",\"@id\":\"https:\\\/\\\/lmk-global-events.com\\\/#\\\/schema\\\/logo\\\/image\\\/\",\"url\":\"https:\\\/\\\/lmk-global-events.com\\\/wp-content\\\/uploads\\\/2025\\\/11\\\/cropped-or.png\",\"contentUrl\":\"https:\\\/\\\/lmk-global-events.com\\\/wp-content\\\/uploads\\\/2025\\\/11\\\/cropped-or.png\",\"width\":1834,\"height\":1125,\"caption\":\"LMK Global Events\"},\"image\":{\"@id\":\"https:\\\/\\\/lmk-global-events.com\\\/#\\\/schema\\\/logo\\\/image\\\/\"}}]}<\/script>\n<!-- \/ Yoast SEO plugin. -->","yoast_head_json":{"title":"LMK Global Events","description":"Custom event planning company - Weddings, private events, seminars and impactful travel","robots":{"index":"index","follow":"follow","max-snippet":"max-snippet:-1","max-image-preview":"max-image-preview:large","max-video-preview":"max-video-preview:-1"},"canonical":"https:\/\/lmk-global-events.com\/en\/","og_locale":"en_GB","og_type":"article","og_title":"LMK Global Events","og_description":"Soci\u00e9t\u00e9 d'organisation d'\u00e9v\u00e9nements sur-mesure - Mariages, \u00e9v\u00e9nements priv\u00e9s, s\u00e9minaires et voyages \u00e0 impact","og_url":"https:\/\/lmk-global-events.com\/en\/","og_site_name":"LMK Global Events","article_modified_time":"2025-11-22T15:18:18+00:00","og_image":[{"width":2036,"height":1925,"url":"https:\/\/lmk-global-events.com\/wp-content\/uploads\/2025\/11\/or-2-1.png","type":"image\/png"}],"twitter_card":"summary_large_image","twitter_misc":{"Estimated reading time":"10 minutes"},"schema":{"@context":"https:\/\/schema.org","@graph":[{"@type":"WebPage","@id":"https:\/\/lmk-global-events.com\/","url":"https:\/\/lmk-global-events.com\/","name":"LMK Global Events","isPartOf":{"@id":"https:\/\/lmk-global-events.com\/#website"},"primaryImageOfPage":{"@id":"https:\/\/lmk-global-events.com\/#primaryimage"},"image":{"@id":"https:\/\/lmk-global-events.com\/#primaryimage"},"thumbnailUrl":"https:\/\/lmk-global-events.com\/wp-content\/uploads\/2025\/11\/or-2-1.png","datePublished":"2025-11-22T10:36:57+00:00","dateModified":"2025-11-22T15:18:18+00:00","description":"Custom event planning company - Weddings, private events, seminars and impactful travel","breadcrumb":{"@id":"https:\/\/lmk-global-events.com\/#breadcrumb"},"inLanguage":"en-GB","potentialAction":[{"@type":"ReadAction","target":["https:\/\/lmk-global-events.com\/"]}]},{"@type":"ImageObject","inLanguage":"en-GB","@id":"https:\/\/lmk-global-events.com\/#primaryimage","url":"https:\/\/lmk-global-events.com\/wp-content\/uploads\/2025\/11\/or-2-1.png","contentUrl":"https:\/\/lmk-global-events.com\/wp-content\/uploads\/2025\/11\/or-2-1.png","width":2036,"height":1925},{"@type":"BreadcrumbList","@id":"https:\/\/lmk-global-events.com\/#breadcrumb","itemListElement":[{"@type":"ListItem","position":1,"name":"Accueil","item":"https:\/\/lmk-global-events.com\/"},{"@type":"ListItem","position":2,"name":"Accueil"}]},{"@type":"WebSite","@id":"https:\/\/lmk-global-events.com\/#website","url":"https:\/\/lmk-global-events.com\/","name":"LMK Global Events","description":"Event planning company","publisher":{"@id":"https:\/\/lmk-global-events.com\/#organization"},"potentialAction":[{"@type":"SearchAction","target":{"@type":"EntryPoint","urlTemplate":"https:\/\/lmk-global-events.com\/?s={search_term_string}"},"query-input":{"@type":"PropertyValueSpecification","valueRequired":true,"valueName":"search_term_string"}}],"inLanguage":"en-GB"},{"@type":"Organization","@id":"https:\/\/lmk-global-events.com\/#organization","name":"LMK Global Events","url":"https:\/\/lmk-global-events.com\/","logo":{"@type":"ImageObject","inLanguage":"en-GB","@id":"https:\/\/lmk-global-events.com\/#\/schema\/logo\/image\/","url":"https:\/\/lmk-global-events.com\/wp-content\/uploads\/2025\/11\/cropped-or.png","contentUrl":"https:\/\/lmk-global-events.com\/wp-content\/uploads\/2025\/11\/cropped-or.png","width":1834,"height":1125,"caption":"LMK Global Events"},"image":{"@id":"https:\/\/lmk-global-events.com\/#\/schema\/logo\/image\/"}}]}},"_links":{"self":[{"href":"https:\/\/lmk-global-events.com\/en\/wp-json\/wp\/v2\/pages\/58","targetHints":{"allow":["GET"]}}],"collection":[{"href":"https:\/\/lmk-global-events.com\/en\/wp-json\/wp\/v2\/pages"}],"about":[{"href":"https:\/\/lmk-global-events.com\/en\/wp-json\/wp\/v2\/types\/page"}],"author":[{"embeddable":true,"href":"https:\/\/lmk-global-events.com\/en\/wp-json\/wp\/v2\/users\/1"}],"replies":[{"embeddable":true,"href":"https:\/\/lmk-global-events.com\/en\/wp-json\/wp\/v2\/comments?post=58"}],"version-history":[{"count":1,"href":"https:\/\/lmk-global-events.com\/en\/wp-json\/wp\/v2\/pages\/58\/revisions"}],"predecessor-version":[{"id":59,"href":"https:\/\/lmk-global-events.com\/en\/wp-json\/wp\/v2\/pages\/58\/revisions\/59"}],"wp:featuredmedia":[{"embeddable":true,"href":"https:\/\/lmk-global-events.com\/en\/wp-json\/wp\/v2\/media\/278"}],"wp:attachment":[{"href":"https:\/\/lmk-global-events.com\/en\/wp-json\/wp\/v2\/media?parent=58"}],"curies":[{"name":"wp","href":"https:\/\/api.w.org\/{rel}","templated":true}]}}